{"id":84880,"date":"2022-08-02T15:07:28","date_gmt":"2022-08-02T13:07:28","guid":{"rendered":"http:\/\/www.geltoki.red\/?page_id=84880"},"modified":"2022-08-02T15:13:51","modified_gmt":"2022-08-02T13:13:51","slug":"afrikarte","status":"publish","type":"page","link":"https:\/\/www.geltoki.red\/eu\/afrikarte\/","title":{"rendered":"afrikarte"},"content":{"rendered":"\t\t<div data-elementor-type=\"wp-page\" data-elementor-id=\"84880\" class=\"elementor elementor-84880\" data-elementor-post-type=\"page\">\n\t\t\t\t\t\t<section class=\"elementor-section elementor-top-section elementor-element elementor-element-dca1dd9 elementor-section-boxed elementor-section-height-default elementor-section-height-default\" data-id=\"dca1dd9\" data-element_type=\"section\" data-e-type=\"section\">\n\t\t\t\t\t\t<div class=\"elementor-container elementor-column-gap-default\">\n\t\t\t\t\t<div class=\"elementor-column elementor-col-100 elementor-top-column elementor-element elementor-element-418abee\" data-id=\"418abee\" data-element_type=\"column\" data-e-type=\"column\">\n\t\t\t<div class=\"elementor-widget-wrap\">\n\t\t\t\t\t\t\t<\/div>\n\t\t<\/div>\n\t\t\t\t\t<\/div>\n\t\t<\/section>\n\t\t\t\t<section class=\"elementor-section elementor-top-section elementor-element elementor-element-cb82d9b elementor-section-content-middle elementor-reverse-mobile elementor-section-boxed elementor-section-height-default elementor-section-height-default\" data-id=\"cb82d9b\" data-element_type=\"section\" data-e-type=\"section\">\n\t\t\t\t\t\t<div class=\"elementor-container elementor-column-gap-no\">\n\t\t\t\t\t<div class=\"elementor-column elementor-col-50 elementor-top-column elementor-element elementor-element-debf710\" data-id=\"debf710\" data-element_type=\"column\" data-e-type=\"column\">\n\t\t\t<div class=\"elementor-widget-wrap elementor-element-populated\">\n\t\t\t\t\t\t<div class=\"elementor-element elementor-element-1cd9241 elementor-widget elementor-widget-image\" data-id=\"1cd9241\" data-element_type=\"widget\" data-e-type=\"widget\" data-widget_type=\"image.default\">\n\t\t\t\t<div class=\"elementor-widget-container\">\n\t\t\t\t\t\t\t\t\t\t\t\t\t\t\t<img fetchpriority=\"high\" decoding=\"async\" width=\"1810\" height=\"2560\" src=\"https:\/\/www.geltoki.red\/wp-content\/uploads\/2022\/08\/Afrikarte-cartel-scaled.jpg\" class=\"attachment-full size-full wp-image-84850\" alt=\"\" srcset=\"https:\/\/www.geltoki.red\/wp-content\/uploads\/2022\/08\/Afrikarte-cartel-scaled.jpg 1810w, https:\/\/www.geltoki.red\/wp-content\/uploads\/2022\/08\/Afrikarte-cartel-212x300.jpg 212w, https:\/\/www.geltoki.red\/wp-content\/uploads\/2022\/08\/Afrikarte-cartel-724x1024.jpg 724w, https:\/\/www.geltoki.red\/wp-content\/uploads\/2022\/08\/Afrikarte-cartel-768x1086.jpg 768w, https:\/\/www.geltoki.red\/wp-content\/uploads\/2022\/08\/Afrikarte-cartel-1086x1536.jpg 1086w, https:\/\/www.geltoki.red\/wp-content\/uploads\/2022\/08\/Afrikarte-cartel-1448x2048.jpg 1448w, https:\/\/www.geltoki.red\/wp-content\/uploads\/2022\/08\/Afrikarte-cartel-600x849.jpg 600w\" sizes=\"(max-width: 1810px) 100vw, 1810px\" \/>\t\t\t\t\t\t\t\t\t\t\t\t\t\t\t<\/div>\n\t\t\t\t<\/div>\n\t\t\t\t\t<\/div>\n\t\t<\/div>\n\t\t\t\t<div class=\"elementor-column elementor-col-50 elementor-top-column elementor-element elementor-element-1e1f65b\" data-id=\"1e1f65b\" data-element_type=\"column\" data-e-type=\"column\">\n\t\t\t<div class=\"elementor-widget-wrap elementor-element-populated\">\n\t\t\t\t\t\t<div class=\"elementor-element elementor-element-0669080 elementor-widget elementor-widget-heading\" data-id=\"0669080\" data-element_type=\"widget\" data-e-type=\"widget\" data-widget_type=\"heading.default\">\n\t\t\t\t<div class=\"elementor-widget-container\">\n\t\t\t\t\t<h4 class=\"elementor-heading-title elementor-size-default\">ERAKUSKETA | 2022\/06\/30 &gt;  2022\/08\/31<\/h4>\t\t\t\t<\/div>\n\t\t\t\t<\/div>\n\t\t\t\t<div class=\"elementor-element elementor-element-9086bb1 elementor-widget elementor-widget-heading\" data-id=\"9086bb1\" data-element_type=\"widget\" data-e-type=\"widget\" data-widget_type=\"heading.default\">\n\t\t\t\t<div class=\"elementor-widget-container\">\n\t\t\t\t\t<h4 class=\"elementor-heading-title elementor-size-default\">Afrikarte<\/h4>\t\t\t\t<\/div>\n\t\t\t\t<\/div>\n\t\t\t\t<div class=\"elementor-element elementor-element-54bcb1d elementor-widget elementor-widget-text-editor\" data-id=\"54bcb1d\" data-element_type=\"widget\" data-e-type=\"widget\" data-widget_type=\"text-editor.default\">\n\t\t\t\t<div class=\"elementor-widget-container\">\n\t\t\t\t\t\t\t\t\t<p>\u00a0Alumnado de la Escuela de M\u00fasica y Danza \u201cArte y discapacidad\u201d, de Fundaci\u00f3n Atena<\/p>\t\t\t\t\t\t\t\t<\/div>\n\t\t\t\t<\/div>\n\t\t\t\t<div class=\"elementor-element elementor-element-73e17f4 elementor-widget elementor-widget-text-editor\" data-id=\"73e17f4\" data-element_type=\"widget\" data-e-type=\"widget\" data-widget_type=\"text-editor.default\">\n\t\t\t\t<div class=\"elementor-widget-container\">\n\t\t\t\t\t\t\t\t\t<p>Con esta exposici\u00f3n nos transportamos a nuestros or\u00edgenes, descubriendo la diversidad del continente africano a trav\u00e9s de su arte. Esta diversidad nos atrae y nos invita a conocer otra cultura diferente a la nuestra.<\/p><p>En este acercamiento hemos descubierto que nuestra manera de entender el arte, se asemeja mucho al suyo. El arte africano agrupa diferentes manifestaciones art\u00edsticas, tiene un profundo car\u00e1cter vital y social, y trata de hacer visible lo invisible. El valor a\u00f1adido de esta exposici\u00f3n es que sus creadoras, son personas con discapacidad intelectual.<\/p>\t\t\t\t\t\t\t\t<\/div>\n\t\t\t\t<\/div>\n\t\t\t\t\t<\/div>\n\t\t<\/div>\n\t\t\t\t\t<\/div>\n\t\t<\/section>\n\t\t\t\t<\/div>\n\t\t","protected":false},"excerpt":{"rendered":"<p>ERAKUSKETA | 2022\/06\/30 &gt; 2022\/08\/31 Afrikarte \u00a0Alumnado de la Escuela de M\u00fasica y Danza \u201cArte y discapacidad\u201d, de Fundaci\u00f3n Atena Con esta exposici\u00f3n nos transportamos a nuestros or\u00edgenes, descubriendo la diversidad del continente africano a trav\u00e9s de su arte. Esta diversidad nos atrae y nos invita a conocer otra cultura diferente a la nuestra. En &#8230; <a title=\"afrikarte\" class=\"read-more\" href=\"https:\/\/www.geltoki.red\/eu\/afrikarte\/\" aria-label=\"Read more about afrikarte\">Read more<\/a><\/p>\n","protected":false},"author":1,"featured_media":0,"parent":0,"menu_order":0,"comment_status":"closed","ping_status":"closed","template":"","meta":{"footnotes":""},"class_list":["post-84880","page","type-page","status-publish"],"aioseo_notices":[],"_links":{"self":[{"href":"https:\/\/www.geltoki.red\/eu\/wp-json\/wp\/v2\/pages\/84880","targetHints":{"allow":["GET"]}}],"collection":[{"href":"https:\/\/www.geltoki.red\/eu\/wp-json\/wp\/v2\/pages"}],"about":[{"href":"https:\/\/www.geltoki.red\/eu\/wp-json\/wp\/v2\/types\/page"}],"author":[{"embeddable":true,"href":"https:\/\/www.geltoki.red\/eu\/wp-json\/wp\/v2\/users\/1"}],"replies":[{"embeddable":true,"href":"https:\/\/www.geltoki.red\/eu\/wp-json\/wp\/v2\/comments?post=84880"}],"version-history":[{"count":0,"href":"https:\/\/www.geltoki.red\/eu\/wp-json\/wp\/v2\/pages\/84880\/revisions"}],"wp:attachment":[{"href":"https:\/\/www.geltoki.red\/eu\/wp-json\/wp\/v2\/media?parent=84880"}],"curies":[{"name":"wp","href":"https:\/\/api.w.org\/{rel}","templated":true}]}}