{"id":84882,"date":"2022-08-02T15:08:06","date_gmt":"2022-08-02T13:08:06","guid":{"rendered":"http:\/\/www.geltoki.red\/?page_id=84882"},"modified":"2022-08-02T15:16:53","modified_gmt":"2022-08-02T13:16:53","slug":"hartu-lekukoa","status":"publish","type":"page","link":"https:\/\/www.geltoki.red\/eu\/hartu-lekukoa\/","title":{"rendered":"hartu lekukoa"},"content":{"rendered":"\t\t<div data-elementor-type=\"wp-page\" data-elementor-id=\"84882\" class=\"elementor elementor-84882\" data-elementor-post-type=\"page\">\n\t\t\t\t\t\t<section class=\"elementor-section elementor-top-section elementor-element elementor-element-dca1dd9 elementor-section-boxed elementor-section-height-default elementor-section-height-default\" data-id=\"dca1dd9\" data-element_type=\"section\" data-e-type=\"section\">\n\t\t\t\t\t\t<div class=\"elementor-container elementor-column-gap-default\">\n\t\t\t\t\t<div class=\"elementor-column elementor-col-100 elementor-top-column elementor-element elementor-element-418abee\" data-id=\"418abee\" data-element_type=\"column\" data-e-type=\"column\">\n\t\t\t<div class=\"elementor-widget-wrap\">\n\t\t\t\t\t\t\t<\/div>\n\t\t<\/div>\n\t\t\t\t\t<\/div>\n\t\t<\/section>\n\t\t\t\t<section class=\"elementor-section elementor-top-section elementor-element elementor-element-cb82d9b elementor-section-content-middle elementor-reverse-mobile elementor-section-boxed elementor-section-height-default elementor-section-height-default\" data-id=\"cb82d9b\" data-element_type=\"section\" data-e-type=\"section\">\n\t\t\t\t\t\t<div class=\"elementor-container elementor-column-gap-no\">\n\t\t\t\t\t<div class=\"elementor-column elementor-col-50 elementor-top-column elementor-element elementor-element-debf710\" data-id=\"debf710\" data-element_type=\"column\" data-e-type=\"column\">\n\t\t\t<div class=\"elementor-widget-wrap elementor-element-populated\">\n\t\t\t\t\t\t<div class=\"elementor-element elementor-element-1cd9241 elementor-widget elementor-widget-image\" data-id=\"1cd9241\" data-element_type=\"widget\" data-e-type=\"widget\" data-widget_type=\"image.default\">\n\t\t\t\t<div class=\"elementor-widget-container\">\n\t\t\t\t\t\t\t\t\t\t\t\t\t\t\t<img fetchpriority=\"high\" decoding=\"async\" width=\"1810\" height=\"2560\" src=\"https:\/\/www.geltoki.red\/wp-content\/uploads\/2022\/08\/Relevo-generacional-cartel-scaled.jpg\" class=\"attachment-full size-full wp-image-84861\" alt=\"\" srcset=\"https:\/\/www.geltoki.red\/wp-content\/uploads\/2022\/08\/Relevo-generacional-cartel-scaled.jpg 1810w, https:\/\/www.geltoki.red\/wp-content\/uploads\/2022\/08\/Relevo-generacional-cartel-212x300.jpg 212w, https:\/\/www.geltoki.red\/wp-content\/uploads\/2022\/08\/Relevo-generacional-cartel-724x1024.jpg 724w, https:\/\/www.geltoki.red\/wp-content\/uploads\/2022\/08\/Relevo-generacional-cartel-768x1086.jpg 768w, https:\/\/www.geltoki.red\/wp-content\/uploads\/2022\/08\/Relevo-generacional-cartel-1086x1536.jpg 1086w, https:\/\/www.geltoki.red\/wp-content\/uploads\/2022\/08\/Relevo-generacional-cartel-1448x2048.jpg 1448w, https:\/\/www.geltoki.red\/wp-content\/uploads\/2022\/08\/Relevo-generacional-cartel-600x849.jpg 600w\" sizes=\"(max-width: 1810px) 100vw, 1810px\" \/>\t\t\t\t\t\t\t\t\t\t\t\t\t\t\t<\/div>\n\t\t\t\t<\/div>\n\t\t\t\t\t<\/div>\n\t\t<\/div>\n\t\t\t\t<div class=\"elementor-column elementor-col-50 elementor-top-column elementor-element elementor-element-1e1f65b\" data-id=\"1e1f65b\" data-element_type=\"column\" data-e-type=\"column\">\n\t\t\t<div class=\"elementor-widget-wrap elementor-element-populated\">\n\t\t\t\t\t\t<div class=\"elementor-element elementor-element-0669080 elementor-widget elementor-widget-heading\" data-id=\"0669080\" data-element_type=\"widget\" data-e-type=\"widget\" data-widget_type=\"heading.default\">\n\t\t\t\t<div class=\"elementor-widget-container\">\n\t\t\t\t\t<h4 class=\"elementor-heading-title elementor-size-default\">ERAKUSKETA | 2022\/07\/18 &gt; 2022\/08\/14<\/h4>\t\t\t\t<\/div>\n\t\t\t\t<\/div>\n\t\t\t\t<div class=\"elementor-element elementor-element-9086bb1 elementor-widget elementor-widget-heading\" data-id=\"9086bb1\" data-element_type=\"widget\" data-e-type=\"widget\" data-widget_type=\"heading.default\">\n\t\t\t\t<div class=\"elementor-widget-container\">\n\t\t\t\t\t<h4 class=\"elementor-heading-title elementor-size-default\">Hartu lekukoa<\/h4>\t\t\t\t<\/div>\n\t\t\t\t<\/div>\n\t\t\t\t<div class=\"elementor-element elementor-element-9a0b6b0 elementor-widget elementor-widget-text-editor\" data-id=\"9a0b6b0\" data-element_type=\"widget\" data-e-type=\"widget\" data-widget_type=\"text-editor.default\">\n\t\t\t\t<div class=\"elementor-widget-container\">\n\t\t\t\t\t\t\t\t\t<p>Cederna Garalur Elkartea<\/p>\t\t\t\t\t\t\t\t<\/div>\n\t\t\t\t<\/div>\n\t\t\t\t<div class=\"elementor-element elementor-element-73e17f4 elementor-widget elementor-widget-text-editor\" data-id=\"73e17f4\" data-element_type=\"widget\" data-e-type=\"widget\" data-widget_type=\"text-editor.default\">\n\t\t\t\t<div class=\"elementor-widget-container\">\n\t\t\t\t\t\t\t\t\t<p>Los negocios rurales son todav\u00eda hoy, y a pesar de las dificultades, alternativas viables de empleo. Por ello, desde el proyecto \u201cHartu Lekukoa- Relevo generacional\u201d, desde Cederna Garalur quieren impulsar el relevo generacional fuera del \u00e1mbito familiar en los negocios rurales.<br \/><br \/>Para empezar, la Asociaci\u00f3n identifica negocios interesados en el relevo generacional, e intenta captar a personas emprendedoras interesadas en asumir el relevo. Desde Cederna Garalur median entre ambas partes, haciendo el estudio de viabilidad del negocio, buscando f\u00f3rmulas de relevo, y acompa\u00f1ando a la persona emprendedora en la b\u00fasqueda de ayudas o realizaci\u00f3n de tr\u00e1mites para facilitar el relevo efectivo.<\/p>\t\t\t\t\t\t\t\t<\/div>\n\t\t\t\t<\/div>\n\t\t\t\t\t<\/div>\n\t\t<\/div>\n\t\t\t\t\t<\/div>\n\t\t<\/section>\n\t\t\t\t<\/div>\n\t\t","protected":false},"excerpt":{"rendered":"<p>ERAKUSKETA | 2022\/07\/18 &gt; 2022\/08\/14 Hartu lekukoa Cederna Garalur Elkartea Los negocios rurales son todav\u00eda hoy, y a pesar de las dificultades, alternativas viables de empleo. Por ello, desde el proyecto \u201cHartu Lekukoa- Relevo generacional\u201d, desde Cederna Garalur quieren impulsar el relevo generacional fuera del \u00e1mbito familiar en los negocios rurales. Para empezar, la Asociaci\u00f3n &#8230; <a title=\"hartu lekukoa\" class=\"read-more\" href=\"https:\/\/www.geltoki.red\/eu\/hartu-lekukoa\/\" aria-label=\"Read more about hartu lekukoa\">Read more<\/a><\/p>\n","protected":false},"author":1,"featured_media":0,"parent":0,"menu_order":0,"comment_status":"closed","ping_status":"closed","template":"","meta":{"footnotes":""},"class_list":["post-84882","page","type-page","status-publish"],"aioseo_notices":[],"_links":{"self":[{"href":"https:\/\/www.geltoki.red\/eu\/wp-json\/wp\/v2\/pages\/84882","targetHints":{"allow":["GET"]}}],"collection":[{"href":"https:\/\/www.geltoki.red\/eu\/wp-json\/wp\/v2\/pages"}],"about":[{"href":"https:\/\/www.geltoki.red\/eu\/wp-json\/wp\/v2\/types\/page"}],"author":[{"embeddable":true,"href":"https:\/\/www.geltoki.red\/eu\/wp-json\/wp\/v2\/users\/1"}],"replies":[{"embeddable":true,"href":"https:\/\/www.geltoki.red\/eu\/wp-json\/wp\/v2\/comments?post=84882"}],"version-history":[{"count":0,"href":"https:\/\/www.geltoki.red\/eu\/wp-json\/wp\/v2\/pages\/84882\/revisions"}],"wp:attachment":[{"href":"https:\/\/www.geltoki.red\/eu\/wp-json\/wp\/v2\/media?parent=84882"}],"curies":[{"name":"wp","href":"https:\/\/api.w.org\/{rel}","templated":true}]}}