{"id":91160,"date":"2022-12-16T00:36:03","date_gmt":"2022-12-15T23:36:03","guid":{"rendered":"http:\/\/www.geltoki.red\/?page_id=91160"},"modified":"2023-01-31T13:31:06","modified_gmt":"2023-01-31T12:31:06","slug":"agua-huesos-poesia","status":"publish","type":"page","link":"https:\/\/www.geltoki.red\/eu\/agua-huesos-poesia\/","title":{"rendered":"agua, huesos, poes\u00eda"},"content":{"rendered":"\t\t<div data-elementor-type=\"wp-page\" data-elementor-id=\"91160\" class=\"elementor elementor-91160\" data-elementor-post-type=\"page\">\n\t\t\t\t\t\t<section class=\"elementor-section elementor-top-section elementor-element elementor-element-76f66e3a elementor-section-content-middle elementor-reverse-mobile elementor-section-boxed elementor-section-height-default elementor-section-height-default\" data-id=\"76f66e3a\" data-element_type=\"section\" data-e-type=\"section\">\n\t\t\t\t\t\t<div class=\"elementor-container elementor-column-gap-no\">\n\t\t\t\t\t<div class=\"elementor-column elementor-col-50 elementor-top-column elementor-element elementor-element-15e87d1d\" data-id=\"15e87d1d\" data-element_type=\"column\" data-e-type=\"column\">\n\t\t\t<div class=\"elementor-widget-wrap elementor-element-populated\">\n\t\t\t\t\t\t<div class=\"elementor-element elementor-element-7b28689e elementor-widget elementor-widget-image\" data-id=\"7b28689e\" data-element_type=\"widget\" data-e-type=\"widget\" data-widget_type=\"image.default\">\n\t\t\t\t<div class=\"elementor-widget-container\">\n\t\t\t\t\t\t\t\t\t\t\t\t\t\t\t<img fetchpriority=\"high\" decoding=\"async\" width=\"2094\" height=\"2560\" src=\"https:\/\/www.geltoki.red\/wp-content\/uploads\/2023\/01\/puy-barral-scaled.jpg\" class=\"attachment-full size-full wp-image-91675\" alt=\"\" srcset=\"https:\/\/www.geltoki.red\/wp-content\/uploads\/2023\/01\/puy-barral-scaled.jpg 2094w, https:\/\/www.geltoki.red\/wp-content\/uploads\/2023\/01\/puy-barral-245x300.jpg 245w, https:\/\/www.geltoki.red\/wp-content\/uploads\/2023\/01\/puy-barral-837x1024.jpg 837w, https:\/\/www.geltoki.red\/wp-content\/uploads\/2023\/01\/puy-barral-768x939.jpg 768w, https:\/\/www.geltoki.red\/wp-content\/uploads\/2023\/01\/puy-barral-1256x1536.jpg 1256w, https:\/\/www.geltoki.red\/wp-content\/uploads\/2023\/01\/puy-barral-1675x2048.jpg 1675w, https:\/\/www.geltoki.red\/wp-content\/uploads\/2023\/01\/puy-barral-600x734.jpg 600w\" sizes=\"(max-width: 2094px) 100vw, 2094px\" \/>\t\t\t\t\t\t\t\t\t\t\t\t\t\t\t<\/div>\n\t\t\t\t<\/div>\n\t\t\t\t\t<\/div>\n\t\t<\/div>\n\t\t\t\t<div class=\"elementor-column elementor-col-50 elementor-top-column elementor-element elementor-element-1698644a\" data-id=\"1698644a\" data-element_type=\"column\" data-e-type=\"column\">\n\t\t\t<div class=\"elementor-widget-wrap elementor-element-populated\">\n\t\t\t\t\t\t<div class=\"elementor-element elementor-element-45fe1c98 elementor-widget elementor-widget-heading\" data-id=\"45fe1c98\" data-element_type=\"widget\" data-e-type=\"widget\" data-widget_type=\"heading.default\">\n\t\t\t\t<div class=\"elementor-widget-container\">\n\t\t\t\t\t<h4 class=\"elementor-heading-title elementor-size-default\">PRESENTACI\u00d3N LITERARIA | 2023\/02\/09 &gt; 18:00etan<\/h4>\t\t\t\t<\/div>\n\t\t\t\t<\/div>\n\t\t\t\t<div class=\"elementor-element elementor-element-3ed76aff elementor-widget-divider--view-line elementor-widget elementor-widget-divider\" data-id=\"3ed76aff\" data-element_type=\"widget\" data-e-type=\"widget\" data-widget_type=\"divider.default\">\n\t\t\t\t<div class=\"elementor-widget-container\">\n\t\t\t\t\t\t\t<div class=\"elementor-divider\">\n\t\t\t<span class=\"elementor-divider-separator\">\n\t\t\t\t\t\t<\/span>\n\t\t<\/div>\n\t\t\t\t\t\t<\/div>\n\t\t\t\t<\/div>\n\t\t\t\t<div class=\"elementor-element elementor-element-1e0f57a2 elementor-widget elementor-widget-heading\" data-id=\"1e0f57a2\" data-element_type=\"widget\" data-e-type=\"widget\" data-widget_type=\"heading.default\">\n\t\t\t\t<div class=\"elementor-widget-container\">\n\t\t\t\t\t<h2 class=\"elementor-heading-title elementor-size-default\">AGUA, HUESOS Y POES\u00cdA<\/h2>\t\t\t\t<\/div>\n\t\t\t\t<\/div>\n\t\t\t\t<div class=\"elementor-element elementor-element-60a9f95d elementor-widget elementor-widget-text-editor\" data-id=\"60a9f95d\" data-element_type=\"widget\" data-e-type=\"widget\" data-widget_type=\"text-editor.default\">\n\t\t\t\t<div class=\"elementor-widget-container\">\n\t\t\t\t\t\t\t\t\t<p><span style=\"color: #000000;\">Puy Barral<\/span><\/p>\t\t\t\t\t\t\t\t<\/div>\n\t\t\t\t<\/div>\n\t\t\t\t<div class=\"elementor-element elementor-element-1de9d002 elementor-widget elementor-widget-text-editor\" data-id=\"1de9d002\" data-element_type=\"widget\" data-e-type=\"widget\" data-widget_type=\"text-editor.default\">\n\t\t\t\t<div class=\"elementor-widget-container\">\n\t\t\t\t\t\t\t\t\t<p><span style=\"color: #000000;\"><span style=\"color: #000000;\">El<\/span> libro Agua, Huesos y Poes\u00eda habla de &#8220;lo que se vive y no se cuenta, del dolor a secas y del dolor h\u00famedo que te cala entera, del miedo que se atraganta, de las lenguas que se recuerdan, de la banda sonora y de la risa&#8221;. Esta inspirado en diferentes encuentros y deseencuentros de la autora, en la inquietud por vivir. https:\/\/www.puybarral.com\/books<\/span><\/p><p><span style=\"color: #000000;\">Es un libro de 123 p\u00e1ginas autoeditado. La impresi\u00f3n de la segunda edici\u00f3n se llev\u00f3 a cabo por la editorial C\u00edrculo Rojo.\u00a0https:\/\/editorialcirculorojo.com\/agua\/<\/span><\/p><p><span style=\"color: #000000;\">La presentaci\u00f3n del libro se realiza a trav\u00e9s de un recital de poes\u00eda performativa de 50 minutos.<br \/><br \/><\/span><\/p>\t\t\t\t\t\t\t\t<\/div>\n\t\t\t\t<\/div>\n\t\t\t\t\t<\/div>\n\t\t<\/div>\n\t\t\t\t\t<\/div>\n\t\t<\/section>\n\t\t\t\t<\/div>\n\t\t","protected":false},"excerpt":{"rendered":"<p>PRESENTACI\u00d3N LITERARIA | 2023\/02\/09 > 18:00etan AGUA, HUESOS Y POES\u00cdA Puy Barral El libro Agua, Huesos y Poes\u00eda habla de &#8220;lo que se vive y no se cuenta, del dolor a secas y del dolor h\u00famedo que te cala entera, del miedo que se atraganta, de las lenguas que se recuerdan, de la banda sonora &#8230; <a title=\"agua, huesos, poes\u00eda\" class=\"read-more\" href=\"https:\/\/www.geltoki.red\/eu\/agua-huesos-poesia\/\" aria-label=\"Read more about agua, huesos, poes\u00eda\">Read more<\/a><\/p>\n","protected":false},"author":1,"featured_media":0,"parent":0,"menu_order":0,"comment_status":"closed","ping_status":"closed","template":"","meta":{"footnotes":""},"class_list":["post-91160","page","type-page","status-publish"],"aioseo_notices":[],"_links":{"self":[{"href":"https:\/\/www.geltoki.red\/eu\/wp-json\/wp\/v2\/pages\/91160","targetHints":{"allow":["GET"]}}],"collection":[{"href":"https:\/\/www.geltoki.red\/eu\/wp-json\/wp\/v2\/pages"}],"about":[{"href":"https:\/\/www.geltoki.red\/eu\/wp-json\/wp\/v2\/types\/page"}],"author":[{"embeddable":true,"href":"https:\/\/www.geltoki.red\/eu\/wp-json\/wp\/v2\/users\/1"}],"replies":[{"embeddable":true,"href":"https:\/\/www.geltoki.red\/eu\/wp-json\/wp\/v2\/comments?post=91160"}],"version-history":[{"count":0,"href":"https:\/\/www.geltoki.red\/eu\/wp-json\/wp\/v2\/pages\/91160\/revisions"}],"wp:attachment":[{"href":"https:\/\/www.geltoki.red\/eu\/wp-json\/wp\/v2\/media?parent=91160"}],"curies":[{"name":"wp","href":"https:\/\/api.w.org\/{rel}","templated":true}]}}