{"id":91783,"date":"2023-01-10T11:16:30","date_gmt":"2023-01-10T10:16:30","guid":{"rendered":"http:\/\/www.geltoki.red\/?page_id=91783"},"modified":"2023-01-10T12:37:15","modified_gmt":"2023-01-10T11:37:15","slug":"3d-imprimagailuak","status":"publish","type":"page","link":"https:\/\/www.geltoki.red\/eu\/repair-cafe\/3d-imprimagailuak\/","title":{"rendered":"3d imprimagailuak"},"content":{"rendered":"\t\t<div data-elementor-type=\"wp-page\" data-elementor-id=\"91783\" class=\"elementor elementor-91783 elementor-91775\" data-elementor-post-type=\"page\">\n\t\t\t\t\t\t<section class=\"elementor-section elementor-top-section elementor-element elementor-element-49ac6732 elementor-section-content-middle elementor-section-boxed elementor-section-height-default elementor-section-height-default\" data-id=\"49ac6732\" data-element_type=\"section\" data-e-type=\"section\">\n\t\t\t\t\t\t<div class=\"elementor-container elementor-column-gap-no\">\n\t\t\t\t\t<div class=\"elementor-column elementor-col-50 elementor-top-column elementor-element elementor-element-762486cc\" data-id=\"762486cc\" data-element_type=\"column\" data-e-type=\"column\">\n\t\t\t<div class=\"elementor-widget-wrap elementor-element-populated\">\n\t\t\t\t\t\t<div class=\"elementor-element elementor-element-3e65f47 elementor-widget elementor-widget-image\" data-id=\"3e65f47\" data-element_type=\"widget\" data-e-type=\"widget\" data-widget_type=\"image.default\">\n\t\t\t\t<div class=\"elementor-widget-container\">\n\t\t\t\t\t\t\t\t\t\t\t\t\t\t\t<img fetchpriority=\"high\" decoding=\"async\" width=\"724\" height=\"1024\" src=\"https:\/\/www.geltoki.red\/wp-content\/uploads\/2023\/01\/3D_IMPRESORAS-A3-724x1024.jpg\" class=\"attachment-large size-large wp-image-91778\" alt=\"\" srcset=\"https:\/\/www.geltoki.red\/wp-content\/uploads\/2023\/01\/3D_IMPRESORAS-A3-724x1024.jpg 724w, https:\/\/www.geltoki.red\/wp-content\/uploads\/2023\/01\/3D_IMPRESORAS-A3-212x300.jpg 212w, https:\/\/www.geltoki.red\/wp-content\/uploads\/2023\/01\/3D_IMPRESORAS-A3-768x1086.jpg 768w, https:\/\/www.geltoki.red\/wp-content\/uploads\/2023\/01\/3D_IMPRESORAS-A3-1086x1536.jpg 1086w, https:\/\/www.geltoki.red\/wp-content\/uploads\/2023\/01\/3D_IMPRESORAS-A3-1448x2048.jpg 1448w, https:\/\/www.geltoki.red\/wp-content\/uploads\/2023\/01\/3D_IMPRESORAS-A3-600x849.jpg 600w, https:\/\/www.geltoki.red\/wp-content\/uploads\/2023\/01\/3D_IMPRESORAS-A3-scaled.jpg 1810w\" sizes=\"(max-width: 724px) 100vw, 724px\" \/>\t\t\t\t\t\t\t\t\t\t\t\t\t\t\t<\/div>\n\t\t\t\t<\/div>\n\t\t\t\t\t<\/div>\n\t\t<\/div>\n\t\t\t\t<div class=\"elementor-column elementor-col-50 elementor-top-column elementor-element elementor-element-14b6c8a\" data-id=\"14b6c8a\" data-element_type=\"column\" data-e-type=\"column\">\n\t\t\t<div class=\"elementor-widget-wrap elementor-element-populated\">\n\t\t\t\t\t\t<div class=\"elementor-element elementor-element-e55d5af elementor-widget elementor-widget-heading\" data-id=\"e55d5af\" data-element_type=\"widget\" data-e-type=\"widget\" data-widget_type=\"heading.default\">\n\t\t\t\t<div class=\"elementor-widget-container\">\n\t\t\t\t\t<h4 class=\"elementor-heading-title elementor-size-default\">2023\/01\/28 &gt; 11:00etan &gt; 3\u20ac<\/h4>\t\t\t\t<\/div>\n\t\t\t\t<\/div>\n\t\t\t\t<div class=\"elementor-element elementor-element-f2614e0 elementor-widget-divider--view-line elementor-widget elementor-widget-divider\" data-id=\"f2614e0\" data-element_type=\"widget\" data-e-type=\"widget\" data-widget_type=\"divider.default\">\n\t\t\t\t<div class=\"elementor-widget-container\">\n\t\t\t\t\t\t\t<div class=\"elementor-divider\">\n\t\t\t<span class=\"elementor-divider-separator\">\n\t\t\t\t\t\t<\/span>\n\t\t<\/div>\n\t\t\t\t\t\t<\/div>\n\t\t\t\t<\/div>\n\t\t\t\t<div class=\"elementor-element elementor-element-268bc46 elementor-widget elementor-widget-heading\" data-id=\"268bc46\" data-element_type=\"widget\" data-e-type=\"widget\" data-widget_type=\"heading.default\">\n\t\t\t\t<div class=\"elementor-widget-container\">\n\t\t\t\t\t<h2 class=\"elementor-heading-title elementor-size-default\">3D IMPRIMAGAILUAK<\/h2>\t\t\t\t<\/div>\n\t\t\t\t<\/div>\n\t\t\t\t<div class=\"elementor-element elementor-element-5bf6611 elementor-widget elementor-widget-text-editor\" data-id=\"5bf6611\" data-element_type=\"widget\" data-e-type=\"widget\" data-widget_type=\"text-editor.default\">\n\t\t\t\t<div class=\"elementor-widget-container\">\n\t\t\t\t\t\t\t\t\t<p>3D imprimagailuen tailerra<\/p>\t\t\t\t\t\t\t\t<\/div>\n\t\t\t\t<\/div>\n\t\t\t\t<div class=\"elementor-element elementor-element-306b389 elementor-widget elementor-widget-text-editor\" data-id=\"306b389\" data-element_type=\"widget\" data-e-type=\"widget\" data-widget_type=\"text-editor.default\">\n\t\t\t\t<div class=\"elementor-widget-container\">\n\t\t\t\t\t\t\t\t\t<p>El taller va a tratar de explicar las claves y nociones b\u00e1sicas necesarias para poder manejar las tecnolog\u00edas disponibles de impresi\u00f3n 3D. Principalmente s\u00e9 va a trabajar en el software necesario para su manejo y se explicar\u00e1 como va a funcionar la opci\u00f3n que s\u00e9 va a habilitar en Geltoki de compartir impresoras 3D. El taller estar\u00e1 impartido por el grupo de personas voluntarias de distintas cooperativas y asociaciones Navarra que trabajan en la promoci\u00f3n y divulgaci\u00f3n de las energ\u00edas Renovables y la transici\u00f3n energ\u00e9ticas a trav\u00e9s del Foro de Energ\u00edas Renovables de Geltoki.<\/p>\t\t\t\t\t\t\t\t<\/div>\n\t\t\t\t<\/div>\n\t\t\t\t<div class=\"elementor-element elementor-element-20536e8 elementor-align-left elementor-mobile-align-center elementor-widget elementor-widget-button\" data-id=\"20536e8\" data-element_type=\"widget\" data-e-type=\"widget\" data-widget_type=\"button.default\">\n\t\t\t\t<div class=\"elementor-widget-container\">\n\t\t\t\t\t\t\t\t\t<div class=\"elementor-button-wrapper\">\n\t\t\t\t\t<a class=\"elementor-button elementor-button-link elementor-size-md\" href=\"http:\/\/www.geltoki.red\/geltokidenda\/eventos\/geltoki-kultura-repair-cafe-impresoras-3d\">\n\t\t\t\t\t\t<span class=\"elementor-button-content-wrapper\">\n\t\t\t\t\t\t<span class=\"elementor-button-icon\">\n\t\t\t\t\t\t\t<\/span>\n\t\t\t\t\t\t\t\t\t<span class=\"elementor-button-text\">EMAN IZENA!<\/span>\n\t\t\t\t\t<\/span>\n\t\t\t\t\t<\/a>\n\t\t\t\t<\/div>\n\t\t\t\t\t\t\t\t<\/div>\n\t\t\t\t<\/div>\n\t\t\t\t\t<\/div>\n\t\t<\/div>\n\t\t\t\t\t<\/div>\n\t\t<\/section>\n\t\t\t\t<section class=\"elementor-section elementor-top-section elementor-element elementor-element-563489f elementor-section-boxed elementor-section-height-default elementor-section-height-default\" data-id=\"563489f\" data-element_type=\"section\" data-e-type=\"section\">\n\t\t\t\t\t\t<div class=\"elementor-container elementor-column-gap-default\">\n\t\t\t\t\t<div class=\"elementor-column elementor-col-100 elementor-top-column elementor-element elementor-element-ded96fd\" data-id=\"ded96fd\" data-element_type=\"column\" data-e-type=\"column\">\n\t\t\t<div class=\"elementor-widget-wrap\">\n\t\t\t\t\t\t\t<\/div>\n\t\t<\/div>\n\t\t\t\t\t<\/div>\n\t\t<\/section>\n\t\t\t\t<\/div>\n\t\t","protected":false},"excerpt":{"rendered":"<p>2023\/01\/28 > 11:00etan > 3\u20ac 3D IMPRIMAGAILUAK 3D imprimagailuen tailerra El taller va a tratar de explicar las claves y nociones b\u00e1sicas necesarias para poder manejar las tecnolog\u00edas disponibles de impresi\u00f3n 3D. Principalmente s\u00e9 va a trabajar en el software necesario para su manejo y se explicar\u00e1 como va a funcionar la opci\u00f3n que s\u00e9 &#8230; <a title=\"3d imprimagailuak\" class=\"read-more\" href=\"https:\/\/www.geltoki.red\/eu\/repair-cafe\/3d-imprimagailuak\/\" aria-label=\"Read more about 3d imprimagailuak\">Read more<\/a><\/p>\n","protected":false},"author":1,"featured_media":0,"parent":85965,"menu_order":1,"comment_status":"closed","ping_status":"closed","template":"","meta":{"footnotes":""},"class_list":["post-91783","page","type-page","status-publish"],"aioseo_notices":[],"_links":{"self":[{"href":"https:\/\/www.geltoki.red\/eu\/wp-json\/wp\/v2\/pages\/91783","targetHints":{"allow":["GET"]}}],"collection":[{"href":"https:\/\/www.geltoki.red\/eu\/wp-json\/wp\/v2\/pages"}],"about":[{"href":"https:\/\/www.geltoki.red\/eu\/wp-json\/wp\/v2\/types\/page"}],"author":[{"embeddable":true,"href":"https:\/\/www.geltoki.red\/eu\/wp-json\/wp\/v2\/users\/1"}],"replies":[{"embeddable":true,"href":"https:\/\/www.geltoki.red\/eu\/wp-json\/wp\/v2\/comments?post=91783"}],"version-history":[{"count":0,"href":"https:\/\/www.geltoki.red\/eu\/wp-json\/wp\/v2\/pages\/91783\/revisions"}],"up":[{"embeddable":true,"href":"https:\/\/www.geltoki.red\/eu\/wp-json\/wp\/v2\/pages\/85965"}],"wp:attachment":[{"href":"https:\/\/www.geltoki.red\/eu\/wp-json\/wp\/v2\/media?parent=91783"}],"curies":[{"name":"wp","href":"https:\/\/api.w.org\/{rel}","templated":true}]}}