{"id":110234,"date":"2024-10-01T22:36:02","date_gmt":"2024-10-01T20:36:02","guid":{"rendered":"https:\/\/www.geltoki.red\/?post_type=product&#038;p=110234"},"modified":"2026-04-08T07:09:21","modified_gmt":"2026-04-08T05:09:21","slug":"geltoki-kultura-trastoteka-talleres","status":"publish","type":"product","link":"https:\/\/www.geltoki.red\/eu\/geltokidenda\/eventos\/geltoki-kultura-trastoteka-talleres\/","title":{"rendered":"Geltoki Kultura | Trastoteka | Jardiner\u00eda dom\u00e9stica"},"content":{"rendered":"","protected":false},"excerpt":{"rendered":"<p>&nbsp;<\/p>\n<p>Talleres \u00a1Hazlo tu mismx!<\/p>\n<p>&gt; Nociones b\u00e1sicas de jardiner\u00eda dom\u00e9stica<\/p>\n<p><strong>Mi\u00e9rcoles 15 de abril | 17.00h &#8211; 19.00h<\/strong><\/p>\n<p><strong>Apirilak 15, asteazkena | 17.00etatik 19.00etara<\/strong><\/p>\n<p>*Actividad en castellano<\/p>\n","protected":false},"featured_media":132012,"template":"","meta":[],"product_brand":[],"product_cat":[916],"product_tag":[],"class_list":{"0":"post-110234","1":"product","2":"type-product","3":"status-publish","4":"has-post-thumbnail","6":"product_cat-eventos","8":"first","9":"outofstock","10":"downloadable","11":"virtual","12":"taxable","13":"purchasable","14":"product-type-simple"},"aioseo_notices":[],"_links":{"self":[{"href":"https:\/\/www.geltoki.red\/eu\/wp-json\/wp\/v2\/product\/110234","targetHints":{"allow":["GET"]}}],"collection":[{"href":"https:\/\/www.geltoki.red\/eu\/wp-json\/wp\/v2\/product"}],"about":[{"href":"https:\/\/www.geltoki.red\/eu\/wp-json\/wp\/v2\/types\/product"}],"version-history":[{"count":2,"href":"https:\/\/www.geltoki.red\/eu\/wp-json\/wp\/v2\/product\/110234\/revisions"}],"predecessor-version":[{"id":132014,"href":"https:\/\/www.geltoki.red\/eu\/wp-json\/wp\/v2\/product\/110234\/revisions\/132014"}],"wp:featuredmedia":[{"embeddable":true,"href":"https:\/\/www.geltoki.red\/eu\/wp-json\/wp\/v2\/media\/132012"}],"wp:attachment":[{"href":"https:\/\/www.geltoki.red\/eu\/wp-json\/wp\/v2\/media?parent=110234"}],"wp:term":[{"taxonomy":"product_brand","embeddable":true,"href":"https:\/\/www.geltoki.red\/eu\/wp-json\/wp\/v2\/product_brand?post=110234"},{"taxonomy":"product_cat","embeddable":true,"href":"https:\/\/www.geltoki.red\/eu\/wp-json\/wp\/v2\/product_cat?post=110234"},{"taxonomy":"product_tag","embeddable":true,"href":"https:\/\/www.geltoki.red\/eu\/wp-json\/wp\/v2\/product_tag?post=110234"}],"curies":[{"name":"wp","href":"https:\/\/api.w.org\/{rel}","templated":true}]}}